{"id":2357,"date":"2024-01-12T16:30:30","date_gmt":"2024-01-12T15:30:30","guid":{"rendered":"https:\/\/www.camping-lesvignes.fr\/bien-etre\/"},"modified":"2024-01-12T16:30:30","modified_gmt":"2024-01-12T15:30:30","slug":"bien-etre","status":"publish","type":"page","link":"https:\/\/www.camping-lesvignes.fr\/nl\/bien-etre\/","title":{"rendered":"BIEN ETRE"},"content":{"rendered":"<section id=\"section-659c1e9d9d286\"\" class=\"section bg-color3\" \/><div class=\"container full\"><h1 class=\"element section-title center\">Profitez d\u2019un instant d\u00e9tente !<\/h1><div class=\"colonnes-wrap valign-middle \"><div class=\"element colonne p-x-10\"><h2 class=\"element section-title justify\">Espace bien-\u00eatre<\/h2><div class=\"element bloc-text justify \">\n\t<p>Parce que vous voulez faire une pause,<br \/>\nParce que vous voulez profiter d\u2019un moment en couple ou entre amis<br \/>\nParce que \u00e7a fait du bien de se relaxer<br \/>\nPour le plaisir de se baigner en plein air et vivre une exp\u00e9rience au plus proche de la nature.<\/p>\n<p>Nous vous offrons un moment de d\u00e9tente priv\u00e9.<br \/>\nNotre espace bien-\u00eatre compos\u00e9 d\u2019un <strong>SPA<\/strong> et d\u2019un <strong>sauna<\/strong> (pour 6 personnes maximum) vous attend pour une s\u00e9ance rien que pour vous.<br \/>\nDans un cadre d\u00e9di\u00e9 \u00e0 la <strong>nature<\/strong>, nos structures sont fabriqu\u00e9es en bois et sont chauff\u00e9es au bois,<br \/>\nAvec une vue sur la nature et la colline, c\u2019est un d\u00e9paysement total garanti !<\/p>\n<\/div><\/div><div class=\"element colonne p-0\"><div class=\"element images\"><div class=\"image\"><img decoding=\"async\" src=\"https:\/\/www.camping-lesvignes.fr\/wp-content\/uploads\/2024\/01\/20230418_123431-100x75.jpg\" data-src=\"https:\/\/www.camping-lesvignes.fr\/wp-content\/uploads\/2024\/01\/20230418_123431-scaled.jpg\" alt=\"\" class=\"images_image\" \/><\/div><\/div><\/div><\/div><div class=\"colonnes-wrap valign-middle \"><div class=\"element colonne p-0\"><div class=\"element images\"><div class=\"image\"><img decoding=\"async\" src=\"https:\/\/www.camping-lesvignes.fr\/wp-content\/uploads\/2024\/01\/20230421_221917-100x73.jpg\" data-src=\"https:\/\/www.camping-lesvignes.fr\/wp-content\/uploads\/2024\/01\/20230421_221917-scaled.jpg\" alt=\"\" class=\"images_image\" \/><\/div><\/div><\/div><div class=\"element colonne p-x-10\"><h2 class=\"element section-title justify\">le SPA<\/h2><div class=\"element bloc-text justify \">\n\t<p>Une s\u00e9ance de <strong>SPA<\/strong> offre de nombreux bienfaits sur votre sant\u00e9. Installez-vous confortablement dans cette eau chaude et profitez des bulles de massage \u00e0 eau et \u00e0 air ainsi que la chromath\u00e9rapie. Oubliez le bruit et le stress de la vie quotidienne, accordez-vous un moment de calme et de relaxation<\/p>\n<\/div><\/div><\/div><div class=\"colonnes-wrap valign-middle \"><div class=\"element colonne p-x-10\"><h2 class=\"element section-title justify\">le sauna<\/h2><div class=\"element bloc-text justify \">\n\t<p>Vivez la tradition nordique avec notre tonneau <strong>sauna<\/strong> qui s\u2019inscrit parfaitement dans le d\u00e9cor environnant.<br \/>\nAu milieu des vignes, notre tonneau sauna vous accueille pour profiter de ses bienfaits. Le corps et l\u2019esprit se rel\u00e2chent, vous d\u00e9compressez et oubliez tout<\/p>\n<\/div><\/div><div class=\"element colonne p-0\"><div class=\"element images\"><div class=\"image\"><img decoding=\"async\" src=\"https:\/\/www.camping-lesvignes.fr\/wp-content\/uploads\/2024\/01\/sauna-vignes-100x75.jpg\" data-src=\"https:\/\/www.camping-lesvignes.fr\/wp-content\/uploads\/2024\/01\/sauna-vignes.jpg\" alt=\"sauna-vignes\" class=\"images_image\" \/><\/div><\/div><\/div><\/div><\/div><\/section>\n\n<section id=\"section-65a1164027018\"\" class=\"section bg-white\" \/><div class=\"container\"><h2 class=\"element section-title center\">CONDITIONS<\/h2><div class=\"element bloc-text center \">\n\t<p>L\u2019espace Bien-\u00eatre est disponible sur r\u00e9servation uniquement.<br \/>\nL\u2019acc\u00e8s est exclusivement r\u00e9serv\u00e9 aux adultes. Toutefois, nous tol\u00e9rons les mineurs de plus de 14 ans accompagn\u00e9s d\u2019un adulte.<br \/>\nNous accueillons au minimum 2 personnes, pour des raisons de s\u00e9curit\u00e9, et au maximum 6 personnes.<br \/>\nIl est interdit de manger et de fumer dans l\u2019espace Bien \u00eatre.<br \/>\nDes serviettes vous sont remises au d\u00e9but de la s\u00e9ance (obligatoire pour le sauna). N\u2019h\u00e9sitez pas \u00e0 nous contacter par mail (campinglesvignes46@gmail.com) ou par tel au 05.65.35.80.39 pour r\u00e9server votre cr\u00e9neau !<\/p>\n<\/div><\/div><\/section>","protected":false},"excerpt":{"rendered":"","protected":false},"author":4,"featured_media":0,"parent":0,"menu_order":0,"comment_status":"closed","ping_status":"closed","template":"","meta":{"footnotes":""},"class_list":["post-2357","page","type-page","status-publish","hentry"],"acf":[],"_links":{"self":[{"href":"https:\/\/www.camping-lesvignes.fr\/nl\/wp-json\/wp\/v2\/pages\/2357"}],"collection":[{"href":"https:\/\/www.camping-lesvignes.fr\/nl\/wp-json\/wp\/v2\/pages"}],"about":[{"href":"https:\/\/www.camping-lesvignes.fr\/nl\/wp-json\/wp\/v2\/types\/page"}],"author":[{"embeddable":true,"href":"https:\/\/www.camping-lesvignes.fr\/nl\/wp-json\/wp\/v2\/users\/4"}],"replies":[{"embeddable":true,"href":"https:\/\/www.camping-lesvignes.fr\/nl\/wp-json\/wp\/v2\/comments?post=2357"}],"version-history":[{"count":0,"href":"https:\/\/www.camping-lesvignes.fr\/nl\/wp-json\/wp\/v2\/pages\/2357\/revisions"}],"wp:attachment":[{"href":"https:\/\/www.camping-lesvignes.fr\/nl\/wp-json\/wp\/v2\/media?parent=2357"}],"curies":[{"name":"wp","href":"https:\/\/api.w.org\/{rel}","templated":true}]}}